{"id":128,"date":"2025-10-10T09:27:21","date_gmt":"2025-10-10T09:27:21","guid":{"rendered":"https:\/\/manon-laprairie.mds-angers.yt\/?page_id=128"},"modified":"2025-10-15T14:32:53","modified_gmt":"2025-10-15T14:32:53","slug":"elementor-page-128","status":"publish","type":"page","link":"https:\/\/manon-laprairie.mds-angers.yt\/index.php\/elementor-page-128\/","title":{"rendered":"Jour 4"},"content":{"rendered":"\t\t<div data-elementor-type=\"wp-page\" data-elementor-id=\"128\" class=\"elementor elementor-128\">\n\t\t\t\t<div class=\"elementor-element elementor-element-8f61900 e-con-full e-flex e-con e-parent\" data-id=\"8f61900\" data-element_type=\"container\" data-settings=\"{&quot;background_background&quot;:&quot;classic&quot;}\">\n\t\t\t\t<div class=\"elementor-element elementor-element-2f7a93d elementor-widget__width-initial elementor-widget elementor-widget-heading\" data-id=\"2f7a93d\" data-element_type=\"widget\" data-widget_type=\"heading.default\">\n\t\t\t\t\t<h1 class=\"elementor-heading-title elementor-size-default\">Jour 4<\/h1>\t\t\t\t<\/div>\n\t\t\t\t<div class=\"elementor-element elementor-element-66ed846 elementor-widget elementor-widget-heading\" data-id=\"66ed846\" data-element_type=\"widget\" data-widget_type=\"heading.default\">\n\t\t\t\t\t<h3 class=\"elementor-heading-title elementor-size-default\">Les Casses Gueules repartent <\/h3>\t\t\t\t<\/div>\n\t\t\t\t<\/div>\n\t\t<div class=\"elementor-element elementor-element-4a84b23 e-grid e-con-boxed e-con e-parent\" data-id=\"4a84b23\" data-element_type=\"container\" data-settings=\"{&quot;background_background&quot;:&quot;classic&quot;}\">\n\t\t\t\t\t<div class=\"e-con-inner\">\n\t\t\t\t<div class=\"elementor-element elementor-element-f0e54ec elementor-widget elementor-widget-image\" data-id=\"f0e54ec\" data-element_type=\"widget\" data-widget_type=\"image.default\">\n\t\t\t\t\t\t\t\t\t\t\t\t\t\t\t<img alt=\"\" fetchpriority=\"high\" decoding=\"async\" width=\"2560\" height=\"1707\" src=\"https:\/\/manon-laprairie.mds-angers.yt\/wp-content\/uploads\/2025\/10\/pexels-pavel-danilyuk-7403884-scaled.jpg\" class=\"attachment-full size-full wp-image-424\" alt=\"\" srcset=\"https:\/\/manon-laprairie.mds-angers.yt\/wp-content\/uploads\/2025\/10\/pexels-pavel-danilyuk-7403884-scaled.jpg 2560w, https:\/\/manon-laprairie.mds-angers.yt\/wp-content\/uploads\/2025\/10\/pexels-pavel-danilyuk-7403884-300x200.jpg 300w, https:\/\/manon-laprairie.mds-angers.yt\/wp-content\/uploads\/2025\/10\/pexels-pavel-danilyuk-7403884-1024x683.jpg 1024w, https:\/\/manon-laprairie.mds-angers.yt\/wp-content\/uploads\/2025\/10\/pexels-pavel-danilyuk-7403884-768x512.jpg 768w, https:\/\/manon-laprairie.mds-angers.yt\/wp-content\/uploads\/2025\/10\/pexels-pavel-danilyuk-7403884-1536x1024.jpg 1536w, https:\/\/manon-laprairie.mds-angers.yt\/wp-content\/uploads\/2025\/10\/pexels-pavel-danilyuk-7403884-2048x1366.jpg 2048w\" sizes=\"(max-width: 2560px) 100vw, 2560px\" \/>\t\t\t\t\t\t\t\t\t\t\t\t\t\t\t<\/div>\n\t\t<div class=\"elementor-element elementor-element-33a1569 e-con-full e-flex e-con e-child\" data-id=\"33a1569\" data-element_type=\"container\">\n\t\t\t\t<div class=\"elementor-element elementor-element-be6c476 elementor-widget elementor-widget-heading\" data-id=\"be6c476\" data-element_type=\"widget\" data-widget_type=\"heading.default\">\n\t\t\t\t\t<h2 class=\"elementor-heading-title elementor-size-default\">\ud83d\ude97 Trajet : Retour vers Reykjavik <\/h2>\t\t\t\t<\/div>\n\t\t\t\t<div class=\"elementor-element elementor-element-59bc858 elementor-widget elementor-widget-text-editor\" data-id=\"59bc858\" data-element_type=\"widget\" data-widget_type=\"text-editor.default\">\n\t\t\t\t\t\t\t\t\t<p>Alexandre a pris le volant. Enfin\u2026 il <i>pense<\/i> qu\u2019il a pris le volant. En vrai, c\u2019est le GPS qui m\u00e8ne la danse, et Kylian, copilote autoproclam\u00e9, lui donne des indications&#8230; avec 3 secondes de retard. R\u00e9sultat : 4 demi-tours, une vache islandaise pas ravie, et une phrase culte d\u2019Alexandre :<\/p><p><i>\u00ab\u00a0Je suis pas perdu, c\u2019est un itin\u00e9raire bis panoramique.\u00a0\u00bb<\/i><br \/>Pendant ce temps, Manon fait une playlist \u00ab\u00a0Retour dramatique en ville\u00a0\u00bb, compos\u00e9e exclusivement de musiques tristes genre \u00ab\u00a0Titanic\u00a0\u00bb et \u00ab\u00a0Adieu mon Islande\u00a0\u00bb.<br \/>Luna, elle, dort. Depuis Akureyri. Elle se r\u00e9veillera \u00e0 Reykjavik, fraiche comme un gla\u00e7on du glacier Vatnaj\u00f6kull.<\/p>\t\t\t\t\t\t\t\t<\/div>\n\t\t\t\t<\/div>\n\t\t\t\t\t<\/div>\n\t\t\t\t<\/div>\n\t\t<div class=\"elementor-element elementor-element-901e5a0 e-grid e-con-boxed e-con e-parent\" data-id=\"901e5a0\" data-element_type=\"container\" data-settings=\"{&quot;background_background&quot;:&quot;classic&quot;}\">\n\t\t\t\t\t<div class=\"e-con-inner\">\n\t\t<div class=\"elementor-element elementor-element-cbdc969 e-con-full e-flex e-con e-child\" data-id=\"cbdc969\" data-element_type=\"container\">\n\t\t\t\t<div class=\"elementor-element elementor-element-1b0a6cf elementor-widget elementor-widget-heading\" data-id=\"1b0a6cf\" data-element_type=\"widget\" data-widget_type=\"heading.default\">\n\t\t\t\t\t<h2 class=\"elementor-heading-title elementor-size-default\">\ud83c\udfdb\ufe0fMus\u00e9e Perlan \u2013 Les merveilles de l\u2019Islande<\/h2>\t\t\t\t<\/div>\n\t\t\t\t<div class=\"elementor-element elementor-element-28c167f elementor-widget elementor-widget-text-editor\" data-id=\"28c167f\" data-element_type=\"widget\" data-widget_type=\"text-editor.default\">\n\t\t\t\t\t\t\t\t\t<p>Arriv\u00e9s \u00e0 Reykjavik, tout le monde entre dans le mus\u00e9e Perlan avec l\u2019\u00e9l\u00e9gance de randonneurs en fin de vie (sauf Luna, qui sort de sa sieste spa).<br \/>Kylian se met \u00e0 parler \u00e0 voix haute devant chaque exposition, fa\u00e7on guide touristique improvis\u00e9 :<\/p><p><i>\u00ab\u00a0Ici, vous pouvez admirer un geyser en plastique, qui jaillit toutes les 10 minutes&#8230; Comme Alexandre quand il voit le prix des sandwichs.\u00a0\u00bb<\/i><br \/>Manon d\u00e9couvre la salle des aurores bor\u00e9ales et pleure de beaut\u00e9.<br \/>Alexandre, lui, se perd dans la boutique souvenirs et tente de marchander un bonnet islandais en tricot \u00e0&#8230; 89\u20ac. Il repartira avec un autocollant \u00e0 2\u20ac.<\/p>\t\t\t\t\t\t\t\t<\/div>\n\t\t\t\t<\/div>\n\t\t\t\t<div class=\"elementor-element elementor-element-f630e7d elementor-widget elementor-widget-image\" data-id=\"f630e7d\" data-element_type=\"widget\" data-widget_type=\"image.default\">\n\t\t\t\t\t\t\t\t\t\t\t\t\t\t\t<img alt=\"\" decoding=\"async\" width=\"800\" height=\"420\" src=\"https:\/\/manon-laprairie.mds-angers.yt\/wp-content\/uploads\/2025\/10\/perlancover-jpg_header-124406-2746019788-1024x538.jpeg\" class=\"attachment-large size-large wp-image-439\" alt=\"\" srcset=\"https:\/\/manon-laprairie.mds-angers.yt\/wp-content\/uploads\/2025\/10\/perlancover-jpg_header-124406-2746019788-1024x538.jpeg 1024w, https:\/\/manon-laprairie.mds-angers.yt\/wp-content\/uploads\/2025\/10\/perlancover-jpg_header-124406-2746019788-300x158.jpeg 300w, https:\/\/manon-laprairie.mds-angers.yt\/wp-content\/uploads\/2025\/10\/perlancover-jpg_header-124406-2746019788-768x403.jpeg 768w, https:\/\/manon-laprairie.mds-angers.yt\/wp-content\/uploads\/2025\/10\/perlancover-jpg_header-124406-2746019788.jpeg 1200w\" sizes=\"(max-width: 800px) 100vw, 800px\" \/>\t\t\t\t\t\t\t\t\t\t\t\t\t\t\t<\/div>\n\t\t\t\t\t<\/div>\n\t\t\t\t<\/div>\n\t\t<div class=\"elementor-element elementor-element-4a8737b e-grid e-con-boxed e-con e-parent\" data-id=\"4a8737b\" data-element_type=\"container\" data-settings=\"{&quot;background_background&quot;:&quot;classic&quot;}\">\n\t\t\t\t\t<div class=\"e-con-inner\">\n\t\t\t\t<div class=\"elementor-element elementor-element-381bf7b elementor-widget elementor-widget-image\" data-id=\"381bf7b\" data-element_type=\"widget\" data-widget_type=\"image.default\">\n\t\t\t\t\t\t\t\t\t\t\t\t\t\t\t<img alt=\"\" decoding=\"async\" width=\"800\" height=\"450\" src=\"https:\/\/manon-laprairie.mds-angers.yt\/wp-content\/uploads\/2025\/10\/blue-lagoon-south-iceland-1-344455398-1024x576.jpg\" class=\"attachment-large size-large wp-image-106\" alt=\"\" srcset=\"https:\/\/manon-laprairie.mds-angers.yt\/wp-content\/uploads\/2025\/10\/blue-lagoon-south-iceland-1-344455398-1024x576.jpg 1024w, https:\/\/manon-laprairie.mds-angers.yt\/wp-content\/uploads\/2025\/10\/blue-lagoon-south-iceland-1-344455398-300x169.jpg 300w, https:\/\/manon-laprairie.mds-angers.yt\/wp-content\/uploads\/2025\/10\/blue-lagoon-south-iceland-1-344455398-768x432.jpg 768w, https:\/\/manon-laprairie.mds-angers.yt\/wp-content\/uploads\/2025\/10\/blue-lagoon-south-iceland-1-344455398-1536x864.jpg 1536w, https:\/\/manon-laprairie.mds-angers.yt\/wp-content\/uploads\/2025\/10\/blue-lagoon-south-iceland-1-344455398.jpg 1920w\" sizes=\"(max-width: 800px) 100vw, 800px\" \/>\t\t\t\t\t\t\t\t\t\t\t\t\t\t\t<\/div>\n\t\t<div class=\"elementor-element elementor-element-9865b5c e-con-full e-flex e-con e-child\" data-id=\"9865b5c\" data-element_type=\"container\">\n\t\t\t\t<div class=\"elementor-element elementor-element-8fc1e15 elementor-widget elementor-widget-heading\" data-id=\"8fc1e15\" data-element_type=\"widget\" data-widget_type=\"heading.default\">\n\t\t\t\t\t<h2 class=\"elementor-heading-title elementor-size-default\">\ud83e\uddd6\u200d\u2642\ufe0f Blue Lagoon pr\u00e8s de l\u2019a\u00e9roport<\/h2>\t\t\t\t<\/div>\n\t\t\t\t<div class=\"elementor-element elementor-element-91d89f8 elementor-widget elementor-widget-text-editor\" data-id=\"91d89f8\" data-element_type=\"widget\" data-widget_type=\"text-editor.default\">\n\t\t\t\t\t\t\t\t\t<p>Luna : <i>\u00ab\u00a0Ah, c\u2019est donc \u00e7a le paradis.\u00a0\u00bb<\/i><br \/>Kylian : <i>\u00ab\u00a038 degr\u00e9s, c\u2019est comme un bain\u2026 sauf que t\u2019as des touristes allemands \u00e0 c\u00f4t\u00e9.\u00a0\u00bb<\/i><br \/>Alexandre : <i>\u00ab\u00a0Mais\u2026 pourquoi j\u2019ai oubli\u00e9 mon maillot ?!\u00a0\u00bb<\/i><br \/>Spoiler : il y entre en boxer, style.<br \/>Manon, d\u00e9j\u00e0 immerg\u00e9e jusqu\u2019aux oreilles, hurle \u00e0 travers la brume :<\/p><p><i>\u00ab\u00a0J\u2019AI TROUV\u00c9 LE PORTAIL POUR NARNIA.\u00a0\u00bb<\/i><br \/>Tout le monde flotte, rit, prend des selfies avec masque de boue, pendant que des avions passent au-dessus, rappelant sournoisement que&#8230; l\u2019heure du vol approche.<\/p>\t\t\t\t\t\t\t\t<\/div>\n\t\t\t\t<\/div>\n\t\t\t\t\t<\/div>\n\t\t\t\t<\/div>\n\t\t<div class=\"elementor-element elementor-element-a937562 e-flex e-con-boxed e-con e-parent\" data-id=\"a937562\" data-element_type=\"container\" data-settings=\"{&quot;background_background&quot;:&quot;classic&quot;}\">\n\t\t\t\t\t<div class=\"e-con-inner\">\n\t\t<div class=\"elementor-element elementor-element-6d5dafa e-con-full e-flex e-con e-child\" data-id=\"6d5dafa\" data-element_type=\"container\" data-settings=\"{&quot;background_background&quot;:&quot;classic&quot;}\">\n\t\t<div class=\"elementor-element elementor-element-0d8ec2e e-grid e-con-full e-con e-child\" data-id=\"0d8ec2e\" data-element_type=\"container\" data-settings=\"{&quot;background_background&quot;:&quot;classic&quot;}\">\n\t\t\t\t<div class=\"elementor-element elementor-element-d8387b7 elementor-shape-circle elementor-grid-0 e-grid-align-center elementor-invisible elementor-widget elementor-widget-social-icons\" data-id=\"d8387b7\" data-element_type=\"widget\" data-settings=\"{&quot;_animation&quot;:&quot;fadeInDown&quot;}\" data-widget_type=\"social-icons.default\">\n\t\t\t\t\t\t\t<div class=\"elementor-social-icons-wrapper elementor-grid\" role=\"list\">\n\t\t\t\t\t\t\t<span class=\"elementor-grid-item\" role=\"listitem\">\n\t\t\t\t\t<a class=\"elementor-icon elementor-social-icon elementor-social-icon-instagram elementor-animation-pulse-grow elementor-repeater-item-7201c92\" href=\"https:\/\/www.instagram.com\/lescasses.gueules?igsh=bHNncmh2d3dwM21v\" target=\"_blank\">\n\t\t\t\t\t\t<span class=\"elementor-screen-only\">Instagram<\/span>\n\t\t\t\t\t\t<svg aria-hidden=\"true\" class=\"e-font-icon-svg e-fab-instagram\" viewBox=\"0 0 448 512\" xmlns=\"http:\/\/www.w3.org\/2000\/svg\"><path d=\"M224.1 141c-63.6 0-114.9 51.3-114.9 114.9s51.3 114.9 114.9 114.9S339 319.5 339 255.9 287.7 141 224.1 141zm0 189.6c-41.1 0-74.7-33.5-74.7-74.7s33.5-74.7 74.7-74.7 74.7 33.5 74.7 74.7-33.6 74.7-74.7 74.7zm146.4-194.3c0 14.9-12 26.8-26.8 26.8-14.9 0-26.8-12-26.8-26.8s12-26.8 26.8-26.8 26.8 12 26.8 26.8zm76.1 27.2c-1.7-35.9-9.9-67.7-36.2-93.9-26.2-26.2-58-34.4-93.9-36.2-37-2.1-147.9-2.1-184.9 0-35.8 1.7-67.6 9.9-93.9 36.1s-34.4 58-36.2 93.9c-2.1 37-2.1 147.9 0 184.9 1.7 35.9 9.9 67.7 36.2 93.9s58 34.4 93.9 36.2c37 2.1 147.9 2.1 184.9 0 35.9-1.7 67.7-9.9 93.9-36.2 26.2-26.2 34.4-58 36.2-93.9 2.1-37 2.1-147.8 0-184.8zM398.8 388c-7.8 19.6-22.9 34.7-42.6 42.6-29.5 11.7-99.5 9-132.1 9s-102.7 2.6-132.1-9c-19.6-7.8-34.7-22.9-42.6-42.6-11.7-29.5-9-99.5-9-132.1s-2.6-102.7 9-132.1c7.8-19.6 22.9-34.7 42.6-42.6 29.5-11.7 99.5-9 132.1-9s102.7-2.6 132.1 9c19.6 7.8 34.7 22.9 42.6 42.6 11.7 29.5 9 99.5 9 132.1s2.7 102.7-9 132.1z\"><\/path><\/svg>\t\t\t\t\t<\/a>\n\t\t\t\t<\/span>\n\t\t\t\t\t\t\t<span class=\"elementor-grid-item\" role=\"listitem\">\n\t\t\t\t\t<a class=\"elementor-icon elementor-social-icon elementor-social-icon-youtube elementor-animation-pulse-grow elementor-repeater-item-3e19bc1\" href=\"https:\/\/www.youtube.com\" target=\"_blank\">\n\t\t\t\t\t\t<span class=\"elementor-screen-only\">Youtube<\/span>\n\t\t\t\t\t\t<svg aria-hidden=\"true\" class=\"e-font-icon-svg e-fab-youtube\" viewBox=\"0 0 576 512\" xmlns=\"http:\/\/www.w3.org\/2000\/svg\"><path d=\"M549.655 124.083c-6.281-23.65-24.787-42.276-48.284-48.597C458.781 64 288 64 288 64S117.22 64 74.629 75.486c-23.497 6.322-42.003 24.947-48.284 48.597-11.412 42.867-11.412 132.305-11.412 132.305s0 89.438 11.412 132.305c6.281 23.65 24.787 41.5 48.284 47.821C117.22 448 288 448 288 448s170.78 0 213.371-11.486c23.497-6.321 42.003-24.171 48.284-47.821 11.412-42.867 11.412-132.305 11.412-132.305s0-89.438-11.412-132.305zm-317.51 213.508V175.185l142.739 81.205-142.739 81.201z\"><\/path><\/svg>\t\t\t\t\t<\/a>\n\t\t\t\t<\/span>\n\t\t\t\t\t\t\t<span class=\"elementor-grid-item\" role=\"listitem\">\n\t\t\t\t\t<a class=\"elementor-icon elementor-social-icon elementor-social-icon-link elementor-animation-pulse-grow elementor-repeater-item-8f2a04c\" href=\"https:\/\/www.tiktok.com\/\" target=\"_blank\">\n\t\t\t\t\t\t<span class=\"elementor-screen-only\">Link<\/span>\n\t\t\t\t\t\t<svg aria-hidden=\"true\" class=\"e-font-icon-svg e-fas-link\" viewBox=\"0 0 512 512\" xmlns=\"http:\/\/www.w3.org\/2000\/svg\"><path d=\"M326.612 185.391c59.747 59.809 58.927 155.698.36 214.59-.11.12-.24.25-.36.37l-67.2 67.2c-59.27 59.27-155.699 59.262-214.96 0-59.27-59.26-59.27-155.7 0-214.96l37.106-37.106c9.84-9.84 26.786-3.3 27.294 10.606.648 17.722 3.826 35.527 9.69 52.721 1.986 5.822.567 12.262-3.783 16.612l-13.087 13.087c-28.026 28.026-28.905 73.66-1.155 101.96 28.024 28.579 74.086 28.749 102.325.51l67.2-67.19c28.191-28.191 28.073-73.757 0-101.83-3.701-3.694-7.429-6.564-10.341-8.569a16.037 16.037 0 0 1-6.947-12.606c-.396-10.567 3.348-21.456 11.698-29.806l21.054-21.055c5.521-5.521 14.182-6.199 20.584-1.731a152.482 152.482 0 0 1 20.522 17.197zM467.547 44.449c-59.261-59.262-155.69-59.27-214.96 0l-67.2 67.2c-.12.12-.25.25-.36.37-58.566 58.892-59.387 154.781.36 214.59a152.454 152.454 0 0 0 20.521 17.196c6.402 4.468 15.064 3.789 20.584-1.731l21.054-21.055c8.35-8.35 12.094-19.239 11.698-29.806a16.037 16.037 0 0 0-6.947-12.606c-2.912-2.005-6.64-4.875-10.341-8.569-28.073-28.073-28.191-73.639 0-101.83l67.2-67.19c28.239-28.239 74.3-28.069 102.325.51 27.75 28.3 26.872 73.934-1.155 101.96l-13.087 13.087c-4.35 4.35-5.769 10.79-3.783 16.612 5.864 17.194 9.042 34.999 9.69 52.721.509 13.906 17.454 20.446 27.294 10.606l37.106-37.106c59.271-59.259 59.271-155.699.001-214.959z\"><\/path><\/svg>\t\t\t\t\t<\/a>\n\t\t\t\t<\/span>\n\t\t\t\t\t<\/div>\n\t\t\t\t\t\t<\/div>\n\t\t\t\t<\/div>\n\t\t\t\t<\/div>\n\t\t\t\t\t<\/div>\n\t\t\t\t<\/div>\n\t\t\t\t<\/div>\n\t\t","protected":false},"excerpt":{"rendered":"<p>Jour 4 Les Casses Gueules repartent \ud83d\ude97 Trajet : Retour vers Reykjavik Alexandre a pris le volant. Enfin\u2026 il pense qu\u2019il a pris le volant. En vrai, c\u2019est le GPS qui m\u00e8ne la danse, et Kylian, copilote autoproclam\u00e9, lui donne des indications&#8230; avec 3 secondes de retard. R\u00e9sultat : 4 demi-tours, une vache islandaise pas [&hellip;]<\/p>\n","protected":false},"author":2,"featured_media":0,"parent":0,"menu_order":0,"comment_status":"closed","ping_status":"closed","template":"elementor_canvas","meta":{"_seopress_robots_primary_cat":"","_seopress_titles_title":"","_seopress_titles_desc":"","_seopress_robots_index":"","footnotes":""},"class_list":["post-128","page","type-page","status-publish","hentry"],"_links":{"self":[{"href":"https:\/\/manon-laprairie.mds-angers.yt\/index.php\/wp-json\/wp\/v2\/pages\/128","targetHints":{"allow":["GET"]}}],"collection":[{"href":"https:\/\/manon-laprairie.mds-angers.yt\/index.php\/wp-json\/wp\/v2\/pages"}],"about":[{"href":"https:\/\/manon-laprairie.mds-angers.yt\/index.php\/wp-json\/wp\/v2\/types\/page"}],"author":[{"embeddable":true,"href":"https:\/\/manon-laprairie.mds-angers.yt\/index.php\/wp-json\/wp\/v2\/users\/2"}],"replies":[{"embeddable":true,"href":"https:\/\/manon-laprairie.mds-angers.yt\/index.php\/wp-json\/wp\/v2\/comments?post=128"}],"version-history":[{"count":85,"href":"https:\/\/manon-laprairie.mds-angers.yt\/index.php\/wp-json\/wp\/v2\/pages\/128\/revisions"}],"predecessor-version":[{"id":857,"href":"https:\/\/manon-laprairie.mds-angers.yt\/index.php\/wp-json\/wp\/v2\/pages\/128\/revisions\/857"}],"wp:attachment":[{"href":"https:\/\/manon-laprairie.mds-angers.yt\/index.php\/wp-json\/wp\/v2\/media?parent=128"}],"curies":[{"name":"wp","href":"https:\/\/api.w.org\/{rel}","templated":true}]}}