{"id":18,"date":"2025-10-03T14:53:31","date_gmt":"2025-10-03T14:53:31","guid":{"rendered":"https:\/\/manon-laprairie.mds-angers.yt\/?page_id=18"},"modified":"2025-10-10T07:35:34","modified_gmt":"2025-10-10T07:35:34","slug":"elementor-18","status":"publish","type":"page","link":"https:\/\/manon-laprairie.mds-angers.yt\/index.php\/elementor-18\/","title":{"rendered":"Elementor #18"},"content":{"rendered":"\t\t<div data-elementor-type=\"wp-post\" data-elementor-id=\"18\" class=\"elementor elementor-18\">\n\t\t\t\t<div class=\"elementor-element elementor-element-1dfe87d e-flex e-con-boxed e-con e-parent\" data-id=\"1dfe87d\" data-element_type=\"container\">\n\t\t\t\t\t<div class=\"e-con-inner\">\n\t\t\t\t<div class=\"elementor-element elementor-element-225a10a elementor-widget elementor-widget-heading\" data-id=\"225a10a\" data-element_type=\"widget\" data-widget_type=\"heading.default\">\n\t\t\t\t\t<h2 class=\"elementor-heading-title elementor-size-default\">Les R\u00e9seaux sociaux<\/h2>\t\t\t\t<\/div>\n\t\t\t\t\t<\/div>\n\t\t\t\t<\/div>\n\t\t<div class=\"elementor-element elementor-element-f7163dd e-flex e-con-boxed e-con e-parent\" data-id=\"f7163dd\" data-element_type=\"container\">\n\t\t\t\t\t<div class=\"e-con-inner\">\n\t\t\t\t<div class=\"elementor-element elementor-element-c4a5631 elementor-widget elementor-widget-text-editor\" data-id=\"c4a5631\" data-element_type=\"widget\" data-widget_type=\"text-editor.default\">\n\t\t\t\t\t\t\t\t\t<p>Vous pouvez nous retrouvez sur Instagram, tiktok et YouTube !!! \u00a0<\/p><p>Retrouvez notre derni\u00e8re video YouTube mise en ligne \ud83d\ude09<\/p>\t\t\t\t\t\t\t\t<\/div>\n\t\t\t\t\t<\/div>\n\t\t\t\t<\/div>\n\t\t<div class=\"elementor-element elementor-element-5434984 e-flex e-con-boxed e-con e-parent\" data-id=\"5434984\" data-element_type=\"container\">\n\t\t\t\t\t<div class=\"e-con-inner\">\n\t\t<div class=\"elementor-element elementor-element-35b6c29 e-con-full e-flex e-con e-child\" data-id=\"35b6c29\" data-element_type=\"container\">\n\t\t\t\t<div class=\"elementor-element elementor-element-202f874 elementor-widget elementor-widget-image\" data-id=\"202f874\" data-element_type=\"widget\" data-widget_type=\"image.default\">\n\t\t\t\t\t\t\t\t\t\t\t\t\t\t\t<img alt=\"\" fetchpriority=\"high\" decoding=\"async\" width=\"800\" height=\"534\" src=\"https:\/\/manon-laprairie.mds-angers.yt\/wp-content\/uploads\/2025\/10\/pexels-alleksana-4156951-1024x683.jpg\" class=\"attachment-large size-large wp-image-32\" alt=\"\" srcset=\"https:\/\/manon-laprairie.mds-angers.yt\/wp-content\/uploads\/2025\/10\/pexels-alleksana-4156951-1024x683.jpg 1024w, https:\/\/manon-laprairie.mds-angers.yt\/wp-content\/uploads\/2025\/10\/pexels-alleksana-4156951-300x200.jpg 300w, https:\/\/manon-laprairie.mds-angers.yt\/wp-content\/uploads\/2025\/10\/pexels-alleksana-4156951-768x512.jpg 768w, https:\/\/manon-laprairie.mds-angers.yt\/wp-content\/uploads\/2025\/10\/pexels-alleksana-4156951-1536x1024.jpg 1536w, https:\/\/manon-laprairie.mds-angers.yt\/wp-content\/uploads\/2025\/10\/pexels-alleksana-4156951-2048x1365.jpg 2048w\" sizes=\"(max-width: 800px) 100vw, 800px\" \/>\t\t\t\t\t\t\t\t\t\t\t\t\t\t\t<\/div>\n\t\t\t\t<\/div>\n\t\t<div class=\"elementor-element elementor-element-7c8c957 e-con-full e-flex e-con e-child\" data-id=\"7c8c957\" data-element_type=\"container\">\n\t\t\t\t<div class=\"elementor-element elementor-element-ece4e3e elementor-widget elementor-widget-image\" data-id=\"ece4e3e\" data-element_type=\"widget\" data-widget_type=\"image.default\">\n\t\t\t\t\t\t\t\t\t\t\t\t\t\t\t<img alt=\"\" decoding=\"async\" width=\"800\" height=\"534\" src=\"https:\/\/manon-laprairie.mds-angers.yt\/wp-content\/uploads\/2025\/10\/pexels-simonmigaj-1009136-1024x683.jpg\" class=\"attachment-large size-large wp-image-35\" alt=\"\" srcset=\"https:\/\/manon-laprairie.mds-angers.yt\/wp-content\/uploads\/2025\/10\/pexels-simonmigaj-1009136-1024x683.jpg 1024w, https:\/\/manon-laprairie.mds-angers.yt\/wp-content\/uploads\/2025\/10\/pexels-simonmigaj-1009136-300x200.jpg 300w, https:\/\/manon-laprairie.mds-angers.yt\/wp-content\/uploads\/2025\/10\/pexels-simonmigaj-1009136-768x512.jpg 768w, https:\/\/manon-laprairie.mds-angers.yt\/wp-content\/uploads\/2025\/10\/pexels-simonmigaj-1009136-1536x1025.jpg 1536w, https:\/\/manon-laprairie.mds-angers.yt\/wp-content\/uploads\/2025\/10\/pexels-simonmigaj-1009136-2048x1366.jpg 2048w\" sizes=\"(max-width: 800px) 100vw, 800px\" \/>\t\t\t\t\t\t\t\t\t\t\t\t\t\t\t<\/div>\n\t\t\t\t<\/div>\n\t\t<div class=\"elementor-element elementor-element-f643bd9 e-con-full e-flex e-con e-child\" data-id=\"f643bd9\" data-element_type=\"container\">\n\t\t\t\t<div class=\"elementor-element elementor-element-3c327c0 elementor-widget elementor-widget-image\" data-id=\"3c327c0\" data-element_type=\"widget\" data-widget_type=\"image.default\">\n\t\t\t\t\t\t\t\t\t\t\t\t\t\t\t<img alt=\"\" decoding=\"async\" width=\"800\" height=\"531\" src=\"https:\/\/manon-laprairie.mds-angers.yt\/wp-content\/uploads\/2025\/10\/pexels-tomas-malik-793526-1660995-1024x680.jpg\" class=\"attachment-large size-large wp-image-37\" alt=\"\" srcset=\"https:\/\/manon-laprairie.mds-angers.yt\/wp-content\/uploads\/2025\/10\/pexels-tomas-malik-793526-1660995-1024x680.jpg 1024w, https:\/\/manon-laprairie.mds-angers.yt\/wp-content\/uploads\/2025\/10\/pexels-tomas-malik-793526-1660995-300x199.jpg 300w, https:\/\/manon-laprairie.mds-angers.yt\/wp-content\/uploads\/2025\/10\/pexels-tomas-malik-793526-1660995-768x510.jpg 768w, https:\/\/manon-laprairie.mds-angers.yt\/wp-content\/uploads\/2025\/10\/pexels-tomas-malik-793526-1660995-1536x1020.jpg 1536w, https:\/\/manon-laprairie.mds-angers.yt\/wp-content\/uploads\/2025\/10\/pexels-tomas-malik-793526-1660995-2048x1360.jpg 2048w\" sizes=\"(max-width: 800px) 100vw, 800px\" \/>\t\t\t\t\t\t\t\t\t\t\t\t\t\t\t<\/div>\n\t\t\t\t<\/div>\n\t\t<div class=\"elementor-element elementor-element-6e670d0 e-con-full e-flex e-con e-child\" data-id=\"6e670d0\" data-element_type=\"container\">\n\t\t\t\t<div class=\"elementor-element elementor-element-062bc45 elementor-widget elementor-widget-heading\" data-id=\"062bc45\" data-element_type=\"widget\" data-widget_type=\"heading.default\">\n\t\t\t\t\t<h2 class=\"elementor-heading-title elementor-size-default\">Randonn\u00e9e sur le sommet montagneux \u00de\u00f3rsm\u00f6rk<\/h2>\t\t\t\t<\/div>\n\t\t\t\t<\/div>\n\t\t<div class=\"elementor-element elementor-element-1edcf0a e-con-full e-flex e-con e-child\" data-id=\"1edcf0a\" data-element_type=\"container\">\n\t\t\t\t<div class=\"elementor-element elementor-element-3301702 elementor-widget elementor-widget-heading\" data-id=\"3301702\" data-element_type=\"widget\" data-widget_type=\"heading.default\">\n\t\t\t\t\t<h2 class=\"elementor-heading-title elementor-size-default\">D\u00e9couverte des Aurore Bor\u00e9al pour Kyky, Alex, Manon et lulu<\/h2>\t\t\t\t<\/div>\n\t\t\t\t<\/div>\n\t\t<div class=\"elementor-element elementor-element-35321c5 e-con-full e-flex e-con e-child\" data-id=\"35321c5\" data-element_type=\"container\">\n\t\t\t\t<div class=\"elementor-element elementor-element-0e88bcf elementor-widget elementor-widget-text-editor\" data-id=\"0e88bcf\" data-element_type=\"widget\" data-widget_type=\"text-editor.default\">\n\t\t\t\t\t\t\t\t\t<h2>Visite du phare de Svortuloft. #Manon est tomb\u00e9 \u00e0 l&rsquo;eau<\/h2>\t\t\t\t\t\t\t\t<\/div>\n\t\t\t\t<\/div>\n\t\t\t\t\t<\/div>\n\t\t\t\t<\/div>\n\t\t<div class=\"elementor-element elementor-element-9046b6c e-flex e-con-boxed e-con e-parent\" data-id=\"9046b6c\" data-element_type=\"container\">\n\t\t\t\t\t<div class=\"e-con-inner\">\n\t\t<div class=\"elementor-element elementor-element-8104644 e-con-full e-flex e-con e-child\" data-id=\"8104644\" data-element_type=\"container\">\n\t\t\t\t<div class=\"elementor-element elementor-element-ab0bda2 elementor-widget elementor-widget-image\" data-id=\"ab0bda2\" data-element_type=\"widget\" data-widget_type=\"image.default\">\n\t\t\t\t\t\t\t\t\t\t\t\t\t\t\t<img alt=\"\" loading=\"lazy\" decoding=\"async\" width=\"640\" height=\"640\" src=\"https:\/\/manon-laprairie.mds-angers.yt\/wp-content\/uploads\/2025\/10\/unnamed-file.jpeg\" class=\"attachment-large size-large wp-image-51\" alt=\"\" srcset=\"https:\/\/manon-laprairie.mds-angers.yt\/wp-content\/uploads\/2025\/10\/unnamed-file.jpeg 640w, https:\/\/manon-laprairie.mds-angers.yt\/wp-content\/uploads\/2025\/10\/unnamed-file-300x300.jpeg 300w, https:\/\/manon-laprairie.mds-angers.yt\/wp-content\/uploads\/2025\/10\/unnamed-file-150x150.jpeg 150w\" sizes=\"(max-width: 640px) 100vw, 640px\" \/>\t\t\t\t\t\t\t\t\t\t\t\t\t\t\t<\/div>\n\t\t\t\t<\/div>\n\t\t<div class=\"elementor-element elementor-element-398d805 e-con-full e-flex e-con e-child\" data-id=\"398d805\" data-element_type=\"container\">\n\t\t\t\t<div class=\"elementor-element elementor-element-be3ac90 elementor-widget elementor-widget-heading\" data-id=\"be3ac90\" data-element_type=\"widget\" data-widget_type=\"heading.default\">\n\t\t\t\t\t<h2 class=\"elementor-heading-title elementor-size-default\">Onagliss\u00e9.chef(surunglacier)<\/h2>\t\t\t\t<\/div>\n\t\t\t\t<\/div>\n\t\t\t\t\t<\/div>\n\t\t\t\t<\/div>\n\t\t<div class=\"elementor-element elementor-element-136bc69 e-flex e-con-boxed e-con e-parent\" data-id=\"136bc69\" data-element_type=\"container\">\n\t\t\t\t\t<div class=\"e-con-inner\">\n\t\t<div class=\"elementor-element elementor-element-e1a83c3 e-con-full e-flex e-con e-child\" data-id=\"e1a83c3\" data-element_type=\"container\">\n\t\t\t\t<div class=\"elementor-element elementor-element-63feb46 elementor-widget elementor-widget-image\" data-id=\"63feb46\" data-element_type=\"widget\" data-widget_type=\"image.default\">\n\t\t\t\t\t\t\t\t\t\t\t\t\t\t\t<img alt=\"\" loading=\"lazy\" decoding=\"async\" width=\"626\" height=\"626\" src=\"https:\/\/manon-laprairie.mds-angers.yt\/wp-content\/uploads\/2025\/10\/Icone-do-instagram-de-logotipo-de-distintivo-moderno-_-Vetor-Premium.jpeg\" class=\"attachment-large size-large wp-image-50\" alt=\"\" srcset=\"https:\/\/manon-laprairie.mds-angers.yt\/wp-content\/uploads\/2025\/10\/Icone-do-instagram-de-logotipo-de-distintivo-moderno-_-Vetor-Premium.jpeg 626w, https:\/\/manon-laprairie.mds-angers.yt\/wp-content\/uploads\/2025\/10\/Icone-do-instagram-de-logotipo-de-distintivo-moderno-_-Vetor-Premium-300x300.jpeg 300w, https:\/\/manon-laprairie.mds-angers.yt\/wp-content\/uploads\/2025\/10\/Icone-do-instagram-de-logotipo-de-distintivo-moderno-_-Vetor-Premium-150x150.jpeg 150w\" sizes=\"(max-width: 626px) 100vw, 626px\" \/>\t\t\t\t\t\t\t\t\t\t\t\t\t\t\t<\/div>\n\t\t\t\t<\/div>\n\t\t<div class=\"elementor-element elementor-element-97cfccc e-con-full e-flex e-con e-child\" data-id=\"97cfccc\" data-element_type=\"container\">\n\t\t\t\t<div class=\"elementor-element elementor-element-9f6c815 elementor-widget elementor-widget-heading\" data-id=\"9f6c815\" data-element_type=\"widget\" data-widget_type=\"heading.default\">\n\t\t\t\t\t<h2 class=\"elementor-heading-title elementor-size-default\">On.a.gliss\u00e9_chef<\/h2>\t\t\t\t<\/div>\n\t\t\t\t<\/div>\n\t\t\t\t\t<\/div>\n\t\t\t\t<\/div>\n\t\t<div class=\"elementor-element elementor-element-983a3ab e-flex e-con-boxed e-con e-parent\" data-id=\"983a3ab\" data-element_type=\"container\">\n\t\t\t\t\t<div class=\"e-con-inner\">\n\t\t<div class=\"elementor-element elementor-element-7881fca e-con-full e-flex e-con e-child\" data-id=\"7881fca\" data-element_type=\"container\">\n\t\t\t\t<div class=\"elementor-element elementor-element-b8868c0 elementor-widget elementor-widget-image\" data-id=\"b8868c0\" data-element_type=\"widget\" data-widget_type=\"image.default\">\n\t\t\t\t\t\t\t\t\t\t\t\t\t\t\t<img alt=\"\" loading=\"lazy\" decoding=\"async\" width=\"736\" height=\"736\" src=\"https:\/\/manon-laprairie.mds-angers.yt\/wp-content\/uploads\/2025\/10\/Social-Media-Templates.jpeg\" class=\"attachment-large size-large wp-image-52\" alt=\"\" srcset=\"https:\/\/manon-laprairie.mds-angers.yt\/wp-content\/uploads\/2025\/10\/Social-Media-Templates.jpeg 736w, https:\/\/manon-laprairie.mds-angers.yt\/wp-content\/uploads\/2025\/10\/Social-Media-Templates-300x300.jpeg 300w, https:\/\/manon-laprairie.mds-angers.yt\/wp-content\/uploads\/2025\/10\/Social-Media-Templates-150x150.jpeg 150w\" sizes=\"(max-width: 736px) 100vw, 736px\" \/>\t\t\t\t\t\t\t\t\t\t\t\t\t\t\t<\/div>\n\t\t\t\t<\/div>\n\t\t<div class=\"elementor-element elementor-element-c527c44 e-con-full e-flex e-con e-child\" data-id=\"c527c44\" data-element_type=\"container\">\n\t\t\t\t<div class=\"elementor-element elementor-element-0c8384f elementor-widget elementor-widget-heading\" data-id=\"0c8384f\" data-element_type=\"widget\" data-widget_type=\"heading.default\">\n\t\t\t\t\t<h2 class=\"elementor-heading-title elementor-size-default\">On.a.gliss\u00e9_chef<\/h2>\t\t\t\t<\/div>\n\t\t\t\t<\/div>\n\t\t\t\t\t<\/div>\n\t\t\t\t<\/div>\n\t\t\t\t<\/div>\n\t\t","protected":false},"excerpt":{"rendered":"<p>Les R\u00e9seaux sociaux Vous pouvez nous retrouvez sur Instagram, tiktok et YouTube !!! \u00a0 Retrouvez notre derni\u00e8re video YouTube mise en ligne \ud83d\ude09 Randonn\u00e9e sur le sommet montagneux \u00de\u00f3rsm\u00f6rk D\u00e9couverte des Aurore Bor\u00e9al pour Kyky, Alex, Manon et lulu Visite du phare de Svortuloft. #Manon est tomb\u00e9 \u00e0 l&rsquo;eau Onagliss\u00e9.chef(surunglacier) On.a.gliss\u00e9_chef On.a.gliss\u00e9_chef<\/p>\n","protected":false},"author":4,"featured_media":0,"parent":0,"menu_order":0,"comment_status":"closed","ping_status":"closed","template":"","meta":{"_seopress_robots_primary_cat":"","_seopress_titles_title":"","_seopress_titles_desc":"","_seopress_robots_index":"","footnotes":""},"class_list":["post-18","page","type-page","status-publish","hentry"],"_links":{"self":[{"href":"https:\/\/manon-laprairie.mds-angers.yt\/index.php\/wp-json\/wp\/v2\/pages\/18","targetHints":{"allow":["GET"]}}],"collection":[{"href":"https:\/\/manon-laprairie.mds-angers.yt\/index.php\/wp-json\/wp\/v2\/pages"}],"about":[{"href":"https:\/\/manon-laprairie.mds-angers.yt\/index.php\/wp-json\/wp\/v2\/types\/page"}],"author":[{"embeddable":true,"href":"https:\/\/manon-laprairie.mds-angers.yt\/index.php\/wp-json\/wp\/v2\/users\/4"}],"replies":[{"embeddable":true,"href":"https:\/\/manon-laprairie.mds-angers.yt\/index.php\/wp-json\/wp\/v2\/comments?post=18"}],"version-history":[{"count":8,"href":"https:\/\/manon-laprairie.mds-angers.yt\/index.php\/wp-json\/wp\/v2\/pages\/18\/revisions"}],"predecessor-version":[{"id":71,"href":"https:\/\/manon-laprairie.mds-angers.yt\/index.php\/wp-json\/wp\/v2\/pages\/18\/revisions\/71"}],"wp:attachment":[{"href":"https:\/\/manon-laprairie.mds-angers.yt\/index.php\/wp-json\/wp\/v2\/media?parent=18"}],"curies":[{"name":"wp","href":"https:\/\/api.w.org\/{rel}","templated":true}]}}